{"id":6110,"date":"2022-04-06T04:05:08","date_gmt":"2022-04-06T04:05:08","guid":{"rendered":"https:\/\/patiotime.loftocean.com\/demo2\/?page_id=6110"},"modified":"2025-01-21T17:30:20","modified_gmt":"2025-01-21T17:30:20","slug":"reservar","status":"publish","type":"page","link":"https:\/\/xamor.eu\/de\/reservar\/","title":{"rendered":"Reservieren"},"content":{"rendered":"<div data-elementor-type=\"wp-page\" data-elementor-id=\"6110\" class=\"elementor elementor-6110\">\n\t\t\t\t\t\t<section class=\"elementor-section elementor-top-section elementor-element elementor-element-ff76a7 pt-section-content-fullwidth pt_scroll_y_150 pt-parallax-on-scroll elementor-section-boxed elementor-section-height-default elementor-section-height-default\" data-id=\"ff76a7\" data-element_type=\"section\" data-settings=\"{&quot;background_background&quot;:&quot;classic&quot;}\" data-pt-parallax-y=\"150\" style=\"background-image: none;\" data-pt-background-image=\"https:\/\/xamor.eu\/wp-content\/uploads\/2025\/01\/xamor-reserved-edt-scaled.jpg\">\n\t\t\t\t\t\t\t<div class=\"elementor-background-overlay\"><\/div>\n\t\t\t\t\t\t\t<div class=\"elementor-container elementor-column-gap-no\">\n\t\t\t\t\t<div class=\"elementor-column elementor-col-100 elementor-top-column elementor-element elementor-element-79de927 dark-color\" data-id=\"79de927\" data-element_type=\"column\">\n\t\t\t<div class=\"elementor-widget-wrap elementor-element-populated\">\n\t\t\t\t\t\t<div class=\"elementor-element elementor-element-61daa06 elementor-widget elementor-widget-pt_title\" data-id=\"61daa06\" data-element_type=\"widget\" data-widget_type=\"pt_title.default\">\n\t\t\t\t<div class=\"elementor-widget-container\">\n\t\t\t\t\t\n        <div class=\"pt-title-wrap text-center\">\t            <h1 class=\"pt-title\">\n\t                Reservieren\t            <\/h1>        <\/div>\t\t\t\t<\/div>\n\t\t\t\t<\/div>\n\t\t\t\t\t<\/div>\n\t\t<\/div>\n\t\t\t\t\t<\/div>\n\t\t<\/section>\n\t\t\t\t<section class=\"elementor-section elementor-top-section elementor-element elementor-element-693b702 elementor-section-boxed elementor-section-height-default elementor-section-height-default\" data-id=\"693b702\" data-element_type=\"section\">\n\t\t\t\t\t\t<div class=\"elementor-container elementor-column-gap-no\">\n\t\t\t\t\t<div class=\"elementor-column elementor-col-50 elementor-top-column elementor-element elementor-element-2cb7def\" data-id=\"2cb7def\" data-element_type=\"column\">\n\t\t\t<div class=\"elementor-widget-wrap elementor-element-populated\">\n\t\t\t\t\t\t<div class=\"elementor-element elementor-element-15ac1aa elementor-widget elementor-widget-pt_title\" data-id=\"15ac1aa\" data-element_type=\"widget\" data-widget_type=\"pt_title.default\">\n\t\t\t\t<div class=\"elementor-widget-container\">\n\t\t\t\t\t\n        <div class=\"pt-title-wrap text-center-tablet\">\t            <div class=\"pt-subtitle-wrap\"><span class=\"pt-subtitle\">Ein besonderer Ort wartet auf Sie<\/span><\/div>\t            <h6 class=\"pt-title\">\n\t                Buchen Sie\t            <\/h6>\t            <div class=\"pt-title-text\">\n\t                <p>Erleben Sie unvergessliche Momente mit unseren raffinierten Aromen. Reservieren Sie jetzt Ihren Tisch und machen Sie sich bereit f\u00fcr ein einzigartiges gastronomisches Erlebnis.<\/p>\t            <\/div>                <div class=\"pt-title-btn\">\n                    <a class=\"button elementor-button-link pt-btn-underline\" role=\"button\" href=\"tel:+351282358058\">\n                        <span class=\"pt-btn-text\">Tel: +351 282 358 058<\/span>\n                    <\/a>\n                <\/div>\n                    <\/div>\t\t\t\t<\/div>\n\t\t\t\t<\/div>\n\t\t\t\t\t<\/div>\n\t\t<\/div>\n\t\t\t\t<div class=\"elementor-column elementor-col-50 elementor-top-column elementor-element elementor-element-9f1ec34\" data-id=\"9f1ec34\" data-element_type=\"column\">\n\t\t\t<div class=\"elementor-widget-wrap elementor-element-populated\">\n\t\t\t\t\t\t<div class=\"elementor-element elementor-element-436b03c elementor-widget elementor-widget-pt_form_cf7\" data-id=\"436b03c\" data-element_type=\"widget\" data-widget_type=\"pt_form_cf7.default\">\n\t\t\t\t<div class=\"elementor-widget-container\">\n\t\t\t\t\t            <div class=\"pt-form-cf7 placeholder-normal\">\n                <div class=\"pt-form-cf7-wrap\">\n<div class=\"wpcf7 no-js\" id=\"wpcf7-f622-o1\" lang=\"en-US\" dir=\"ltr\" data-wpcf7-id=\"622\">\n<div class=\"screen-reader-response\"><p role=\"status\" aria-live=\"polite\" aria-atomic=\"true\"><\/p> <ul><\/ul><\/div>\n<form action=\"\/de\/wp-json\/wp\/v2\/pages\/6110#wpcf7-f622-o1\" method=\"post\" class=\"wpcf7-form init\" aria-label=\"Contact form\" novalidate=\"novalidate\" data-status=\"init\" data-trp-original-action=\"\/de\/wp-json\/wp\/v2\/pages\/6110#wpcf7-f622-o1\">\n<fieldset class=\"hidden-fields-container\"><input type=\"hidden\" name=\"_wpcf7\" value=\"622\" \/><input type=\"hidden\" name=\"_wpcf7_version\" value=\"6.1.3\" \/><input type=\"hidden\" name=\"_wpcf7_locale\" value=\"en_US\" \/><input type=\"hidden\" name=\"_wpcf7_unit_tag\" value=\"wpcf7-f622-o1\" \/><input type=\"hidden\" name=\"_wpcf7_container_post\" value=\"0\" \/><input type=\"hidden\" name=\"_wpcf7_posted_data_hash\" value=\"\" \/><input type=\"hidden\" name=\"_uacf7_hidden_conditional_fields\" value=\"\" \/><input type=\"hidden\" name=\"_wpcf7_recaptcha_response\" value=\"\" \/>\n<\/fieldset>\n<div class=\"uacf7-form-wrapper-container uacf7-form-622\"><div class=\"row\">\n    <div class=\"col-1-3 select-wrap\">\n        <span class=\"wpcf7-form-control-wrap\" data-name=\"partySize\"><select class=\"wpcf7-form-control wpcf7-select wpcf7-validates-as-required\" aria-required=\"true\" aria-invalid=\"false\" name=\"partySize\"><option value=\"1 Pessoa\">1 Person<\/option><option value=\"2 Pessoas\">2 Personen<\/option><option value=\"3 Pessoas\">3 Personen<\/option><option value=\"4 Pessoas\">4 Personen<\/option><option value=\"5 Pessoas\">5 Personen<\/option><option value=\"6 Pessoas\">6 Personen<\/option><option value=\"7 Pessoas\">7 Menschen<\/option><option value=\"8 Pessoas\">8 Personen<\/option><option value=\"9 Pessoas\">9 Personen<\/option><option value=\"10 Pessoas\">10 Personen<\/option><option value=\"11 Pessoas\">11 Menschen<\/option><option value=\"12 Pessoas\">12 Personen<\/option><option value=\"13 Pessoas\">13 Menschen<\/option><option value=\"14 Pessoas\">14 Personen<\/option><option value=\"15 Pessoas\">15 Personen<\/option><option value=\"16 Pessoas\">16 Personen<\/option><option value=\"17 Pessoas\">17 Menschen<\/option><option value=\"18 Pessoas\">18 Personen<\/option><option value=\"19 Pessoas\">19 Personen<\/option><option value=\"20 Pessoas\">20 Personen<\/option><\/select><\/span>\n    <\/div>\n\n    <div class=\"col-1-3\">\n        <span class=\"wpcf7-form-control-wrap\" data-name=\"startDate\"><input class=\"wpcf7-form-control wpcf7-date wpcf7-validates-as-required wpcf7-validates-as-date\" min=\"2026-04-22\" aria-required=\"true\" aria-invalid=\"false\" value=\"2026-04-22\" type=\"date\" name=\"startDate\" \/><\/span>\n    <\/div>\n\n    <div class=\"col-1-3 select-wrap\">\n        <span class=\"wpcf7-form-control-wrap\" data-name=\"ResTime\"><select class=\"wpcf7-form-control wpcf7-select wpcf7-validates-as-required\" aria-required=\"true\" aria-invalid=\"false\" name=\"ResTime\"><option value=\"10:00\">10:00<\/option><option value=\"10:30\">10:30<\/option><option value=\"11:00\">11:00<\/option><option value=\"11:30\">11:30<\/option><option value=\"12:00\">12:00<\/option><option value=\"12:30\">12:30<\/option><option value=\"13:00\">13:00<\/option><option value=\"13:30\">13:30<\/option><option value=\"14:00\">14:00<\/option><option value=\"14:30\">14:30<\/option><option value=\"15:00\">15:00<\/option><option value=\"15:30\">15:30<\/option><option value=\"16:00\">16:00<\/option><option value=\"16:30\">16:30<\/option><option value=\"17:00\">17:00<\/option><option value=\"17:30\">17:30<\/option><option value=\"18:00\">18:00<\/option><option value=\"18:30\">18:30<\/option><option value=\"19:00\">19:00<\/option><option value=\"19:30\">19:30<\/option><option value=\"20:00\">20:00<\/option><option value=\"20:30\">20:30<\/option><option value=\"21:00\">21:00<\/option><option value=\"21:30\">21:30<\/option><option value=\"22:00\">22:00<\/option><option value=\"22:30\">22:30<\/option><\/select><\/span>\n    <\/div>\n<\/div>\n\n<div class=\"row\">\n    <div class=\"col-1-3\">\n        <span class=\"wpcf7-form-control-wrap\" data-name=\"text-585\"><input size=\"40\" maxlength=\"400\" class=\"wpcf7-form-control wpcf7-text\" aria-invalid=\"false\" placeholder=\"Name\" value=\"\" type=\"text\" name=\"text-585\" \/><\/span>\n    <\/div>\n\n    <div class=\"col-1-3\">\n        <span class=\"wpcf7-form-control-wrap\" data-name=\"email-324\"><input size=\"40\" maxlength=\"400\" class=\"wpcf7-form-control wpcf7-email wpcf7-validates-as-required wpcf7-text wpcf7-validates-as-email\" aria-required=\"true\" aria-invalid=\"false\" placeholder=\"E-Mail\" value=\"\" type=\"email\" name=\"email-324\" \/><\/span>\n    <\/div>\n\n    <div class=\"col-1-3\">\n        <span class=\"wpcf7-form-control-wrap intl_tel-851\"><input class=\"wpcf7-form-control wpcf7-intl_tel wpcf7-intl-tel\" aria-invalid=\"false\" placeholder=\"Telefon\" data-preferredcountries=\"pt\" value=\"\" type=\"tel\" name=\"intl_tel-851-cf7it-national\" \/><input name=\"intl_tel-851\" type=\"hidden\" class=\"wpcf7-intl-tel-full\" \/><input type=\"hidden\" name=\"intl_tel-851-cf7it-country-name\" class=\"wpcf7-intl-tel-country-name\" \/><input type=\"hidden\" name=\"intl_tel-851-cf7it-country-code\" class=\"wpcf7-intl-tel-country-code\" \/><input type=\"hidden\" name=\"intl_tel-851-cf7it-country-iso2\" class=\"wpcf7-intl-tel-country-iso2\" \/><\/span>\n    <\/div>\n<\/div>\n\n\n\n<div class=\"row\">\n<div class=\"col-1-2\">\n<span class=\"wpcf7-form-control-wrap\" data-name=\"select-220\"><select class=\"wpcf7-form-control wpcf7-select\" aria-invalid=\"false\" name=\"select-220\"><option value=\"\">Einschr\u00e4nkungen bei Lebensmitteln<\/option><option value=\"Sim\">Ja<\/option><option value=\"N\u00e3o\">Nein<\/option><\/select><\/span>\n<\/div>\n\n\n\n<div class=\"col-1-2\">\n<div class=\"uacf7_conditional conditional-1\"><span class=\"wpcf7-form-control-wrap\" data-name=\"number-50\"><input class=\"wpcf7-form-control wpcf7-number wpcf7-validates-as-number\" aria-invalid=\"false\" placeholder=\"Wenn ja, wie viele Personen?\" value=\"\" type=\"number\" name=\"number-50\" \/><\/span><\/div>\n<\/div>\n\n<\/div>\n\n\n\n\n\n<p><span class=\"wpcf7-form-control-wrap\" data-name=\"textarea-50\"><textarea cols=\"40\" rows=\"10\" maxlength=\"2000\" class=\"wpcf7-form-control wpcf7-textarea\" aria-invalid=\"false\" placeholder=\"Nachricht\" name=\"textarea-50\"><\/textarea><\/span><\/p>\n<br>\n<p class=\"text-center\"><input class=\"wpcf7-form-control wpcf7-submit has-spinner\" type=\"submit\" value=\"Reservieren\" \/><\/p><\/div><div class=\"wpcf7-response-output\" aria-hidden=\"true\"><\/div>\n<input type=\"hidden\" name=\"trp-form-language\" value=\"de\"\/><\/form>\n<\/div>\n<\/div>\n            <\/div>\t\t\t\t<\/div>\n\t\t\t\t<\/div>\n\t\t\t\t\t<\/div>\n\t\t<\/div>\n\t\t\t\t\t<\/div>\n\t\t<\/section>\n\t\t\t\t<\/div>","protected":false},"excerpt":{"rendered":"<p>Reservar Um lugar especial espera por si Fa\u00e7a a Sua Reserva Viva momentos inesquec\u00edveis com os nossos sabores refinados. Reserve a sua mesa agora e prepare-se para uma experi\u00eancia gastron\u00f3mica \u00fanica. Tel: +351 282 358 058 1 Pessoa2 Pessoas3 Pessoas4 Pessoas5 Pessoas6 Pessoas7 Pessoas8 Pessoas9 Pessoas10 Pessoas11 Pessoas12 Pessoas13 Pessoas14 Pessoas15 Pessoas16 Pessoas17 Pessoas18 Pessoas19 &#8230;<\/p>","protected":false},"author":1,"featured_media":0,"parent":0,"menu_order":0,"comment_status":"closed","ping_status":"closed","template":"template-wide-content.php","meta":{"_themeisle_gutenberg_block_has_review":false,"patiotime_single_page_hide_site_header":"","patiotime_single_page_site_header_source":"","patiotime_single_page_custom_site_header":"0","patiotime_single_page_custom_sticky_site_header":"0","patiotime_single_page_custom_page_title_margin_top_source":"","patiotime_single_page_custom_page_title_desktop_margin_top":"","patiotime_single_page_custom_page_title_tablet_margin_top":"","patiotime_single_page_custom_page_title_mobile_margin_top":"","patiotime_single_page_hide_page_title":"on","patiotime_single_page_header_section_size":"","patiotime_single_page_header_background_color":"","patiotime_single_page_header_background_position_x":"center","patiotime_single_page_header_background_position_y":"center","patiotime_single_page_header_background_size":"cover","patiotime_single_page_header_background_repeat":"off","patiotime_single_page_header_background_scroll":"on","patiotime_single_page_header_text_color":"","patiotime_single_page_header_show_breadcrumb":"","patiotime_single_page_site_footer_hide_main":"","patiotime_single_custom_site_footer_main_source":"","patiotime_single_custom_site_footer_main":"0","patiotime_single_page_site_footer_hide_above":"","patiotime_single_custom_site_footer_above_source":"","patiotime_single_custom_site_footer_above":"0","patiotime_single_page_site_footer_hide_instagram":"","patiotime_single_page_site_footer_hide_bottom":"","patiotime_single_custom_mobile_menu_source":"","patiotime_single_custom_mobile_menu":"0","patiotime_single_custom_mobile_menu_animation":"","patiotime_single_custom_mobile_menu_width":"","patiotime_single_custom_mobile_menu_custom_width":375,"footnotes":""},"class_list":["post-6110","page","type-page","status-publish","hentry"],"yoast_head":"<!-- This site is optimized with the Yoast SEO plugin v26.4 - https:\/\/yoast.com\/wordpress\/plugins\/seo\/ -->\n<title>Reservar - Xamor<\/title>\n<meta name=\"description\" content=\"Fa\u00e7a a Sua Reserva - Viva momentos inesquec\u00edveis com os nossos sabores refinados. Reserve a sua mesa agora e prepare-se para uma experi\u00eancia gastron\u00f3mica \u00fanica.\" \/>\n<meta name=\"robots\" content=\"index, follow, max-snippet:-1, max-image-preview:large, max-video-preview:-1\" \/>\n<link rel=\"canonical\" href=\"https:\/\/xamor.eu\/de\/reservar\/\" \/>\n<meta property=\"og:locale\" content=\"de_DE\" \/>\n<meta property=\"og:type\" content=\"article\" \/>\n<meta property=\"og:title\" content=\"Reservar - Xamor\" \/>\n<meta property=\"og:description\" content=\"Fa\u00e7a a Sua Reserva - Viva momentos inesquec\u00edveis com os nossos sabores refinados. Reserve a sua mesa agora e prepare-se para uma experi\u00eancia gastron\u00f3mica \u00fanica.\" \/>\n<meta property=\"og:url\" content=\"https:\/\/xamor.eu\/de\/reservar\/\" \/>\n<meta property=\"og:site_name\" content=\"Xamor\" \/>\n<meta property=\"article:modified_time\" content=\"2025-01-21T17:30:20+00:00\" \/>\n<meta name=\"twitter:card\" content=\"summary_large_image\" \/>\n<meta name=\"twitter:label1\" content=\"Gesch\u00e4tzte Lesezeit\" \/>\n\t<meta name=\"twitter:data1\" content=\"1\u00a0Minute\" \/>\n<script type=\"application\/ld+json\" class=\"yoast-schema-graph\">{\"@context\":\"https:\/\/schema.org\",\"@graph\":[{\"@type\":\"WebPage\",\"@id\":\"https:\/\/xamor.eu\/reservar\/\",\"url\":\"https:\/\/xamor.eu\/reservar\/\",\"name\":\"Reservar - Xamor\",\"isPartOf\":{\"@id\":\"https:\/\/xamor.eu\/#website\"},\"datePublished\":\"2022-04-06T04:05:08+00:00\",\"dateModified\":\"2025-01-21T17:30:20+00:00\",\"description\":\"Fa\u00e7a a Sua Reserva - Viva momentos inesquec\u00edveis com os nossos sabores refinados. Reserve a sua mesa agora e prepare-se para uma experi\u00eancia gastron\u00f3mica \u00fanica.\",\"breadcrumb\":{\"@id\":\"https:\/\/xamor.eu\/reservar\/#breadcrumb\"},\"inLanguage\":\"de\",\"potentialAction\":[{\"@type\":\"ReadAction\",\"target\":[\"https:\/\/xamor.eu\/reservar\/\"]}]},{\"@type\":\"BreadcrumbList\",\"@id\":\"https:\/\/xamor.eu\/reservar\/#breadcrumb\",\"itemListElement\":[{\"@type\":\"ListItem\",\"position\":1,\"name\":\"In\u00edcio\",\"item\":\"https:\/\/xamor.eu\/\"},{\"@type\":\"ListItem\",\"position\":2,\"name\":\"Reservar\"}]},{\"@type\":\"WebSite\",\"@id\":\"https:\/\/xamor.eu\/#website\",\"url\":\"https:\/\/xamor.eu\/\",\"name\":\"Xamor\",\"description\":\"\",\"publisher\":{\"@id\":\"https:\/\/xamor.eu\/#organization\"},\"potentialAction\":[{\"@type\":\"SearchAction\",\"target\":{\"@type\":\"EntryPoint\",\"urlTemplate\":\"https:\/\/xamor.eu\/?s={search_term_string}\"},\"query-input\":{\"@type\":\"PropertyValueSpecification\",\"valueRequired\":true,\"valueName\":\"search_term_string\"}}],\"inLanguage\":\"de\"},{\"@type\":\"Organization\",\"@id\":\"https:\/\/xamor.eu\/#organization\",\"name\":\"Xamor\",\"url\":\"https:\/\/xamor.eu\/\",\"logo\":{\"@type\":\"ImageObject\",\"inLanguage\":\"de\",\"@id\":\"https:\/\/xamor.eu\/#\/schema\/logo\/image\/\",\"url\":\"https:\/\/xamor.eu\/wp-content\/uploads\/2024\/10\/xmr_Signet_20120608.jpg\",\"contentUrl\":\"https:\/\/xamor.eu\/wp-content\/uploads\/2024\/10\/xmr_Signet_20120608.jpg\",\"width\":238,\"height\":238,\"caption\":\"Xamor\"},\"image\":{\"@id\":\"https:\/\/xamor.eu\/#\/schema\/logo\/image\/\"}}]}<\/script>\n<!-- \/ Yoast SEO plugin. -->","yoast_head_json":{"title":"Reservar - Xamor","description":"Fa\u00e7a a Sua Reserva - Viva momentos inesquec\u00edveis com os nossos sabores refinados. Reserve a sua mesa agora e prepare-se para uma experi\u00eancia gastron\u00f3mica \u00fanica.","robots":{"index":"index","follow":"follow","max-snippet":"max-snippet:-1","max-image-preview":"max-image-preview:large","max-video-preview":"max-video-preview:-1"},"canonical":"https:\/\/xamor.eu\/de\/reservar\/","og_locale":"de_DE","og_type":"article","og_title":"Reservar - Xamor","og_description":"Fa\u00e7a a Sua Reserva - Viva momentos inesquec\u00edveis com os nossos sabores refinados. Reserve a sua mesa agora e prepare-se para uma experi\u00eancia gastron\u00f3mica \u00fanica.","og_url":"https:\/\/xamor.eu\/de\/reservar\/","og_site_name":"Xamor","article_modified_time":"2025-01-21T17:30:20+00:00","twitter_card":"summary_large_image","twitter_misc":{"Gesch\u00e4tzte Lesezeit":"1\u00a0Minute"},"schema":{"@context":"https:\/\/schema.org","@graph":[{"@type":"WebPage","@id":"https:\/\/xamor.eu\/reservar\/","url":"https:\/\/xamor.eu\/reservar\/","name":"Reservar - Xamor","isPartOf":{"@id":"https:\/\/xamor.eu\/#website"},"datePublished":"2022-04-06T04:05:08+00:00","dateModified":"2025-01-21T17:30:20+00:00","description":"Fa\u00e7a a Sua Reserva - Viva momentos inesquec\u00edveis com os nossos sabores refinados. Reserve a sua mesa agora e prepare-se para uma experi\u00eancia gastron\u00f3mica \u00fanica.","breadcrumb":{"@id":"https:\/\/xamor.eu\/reservar\/#breadcrumb"},"inLanguage":"de","potentialAction":[{"@type":"ReadAction","target":["https:\/\/xamor.eu\/reservar\/"]}]},{"@type":"BreadcrumbList","@id":"https:\/\/xamor.eu\/reservar\/#breadcrumb","itemListElement":[{"@type":"ListItem","position":1,"name":"In\u00edcio","item":"https:\/\/xamor.eu\/"},{"@type":"ListItem","position":2,"name":"Reservar"}]},{"@type":"WebSite","@id":"https:\/\/xamor.eu\/#website","url":"https:\/\/xamor.eu\/","name":"Xamor","description":"","publisher":{"@id":"https:\/\/xamor.eu\/#organization"},"potentialAction":[{"@type":"SearchAction","target":{"@type":"EntryPoint","urlTemplate":"https:\/\/xamor.eu\/?s={search_term_string}"},"query-input":{"@type":"PropertyValueSpecification","valueRequired":true,"valueName":"search_term_string"}}],"inLanguage":"de"},{"@type":"Organization","@id":"https:\/\/xamor.eu\/#organization","name":"Xamor","url":"https:\/\/xamor.eu\/","logo":{"@type":"ImageObject","inLanguage":"de","@id":"https:\/\/xamor.eu\/#\/schema\/logo\/image\/","url":"https:\/\/xamor.eu\/wp-content\/uploads\/2024\/10\/xmr_Signet_20120608.jpg","contentUrl":"https:\/\/xamor.eu\/wp-content\/uploads\/2024\/10\/xmr_Signet_20120608.jpg","width":238,"height":238,"caption":"Xamor"},"image":{"@id":"https:\/\/xamor.eu\/#\/schema\/logo\/image\/"}}]}},"_links":{"self":[{"href":"https:\/\/xamor.eu\/de\/wp-json\/wp\/v2\/pages\/6110","targetHints":{"allow":["GET"]}}],"collection":[{"href":"https:\/\/xamor.eu\/de\/wp-json\/wp\/v2\/pages"}],"about":[{"href":"https:\/\/xamor.eu\/de\/wp-json\/wp\/v2\/types\/page"}],"author":[{"embeddable":true,"href":"https:\/\/xamor.eu\/de\/wp-json\/wp\/v2\/users\/1"}],"replies":[{"embeddable":true,"href":"https:\/\/xamor.eu\/de\/wp-json\/wp\/v2\/comments?post=6110"}],"version-history":[{"count":17,"href":"https:\/\/xamor.eu\/de\/wp-json\/wp\/v2\/pages\/6110\/revisions"}],"predecessor-version":[{"id":7602,"href":"https:\/\/xamor.eu\/de\/wp-json\/wp\/v2\/pages\/6110\/revisions\/7602"}],"wp:attachment":[{"href":"https:\/\/xamor.eu\/de\/wp-json\/wp\/v2\/media?parent=6110"}],"curies":[{"name":"wp","href":"https:\/\/api.w.org\/{rel}","templated":true}]}}