{"id":7213,"date":"2025-01-09T16:27:09","date_gmt":"2025-01-09T16:27:09","guid":{"rendered":"https:\/\/xamor.eu\/?page_id=7213"},"modified":"2025-01-21T16:07:01","modified_gmt":"2025-01-21T16:07:01","slug":"recrutamento","status":"publish","type":"page","link":"https:\/\/xamor.eu\/de\/recrutamento\/","title":{"rendered":"Rekrutierung"},"content":{"rendered":"<div data-elementor-type=\"wp-page\" data-elementor-id=\"7213\" class=\"elementor elementor-7213\">\n\t\t\t\t\t\t<section class=\"elementor-section elementor-top-section elementor-element elementor-element-7eb75ce pt-section-content-fullwidth elementor-section-boxed elementor-section-height-default elementor-section-height-default\" data-id=\"7eb75ce\" data-element_type=\"section\" data-settings=\"{&quot;background_background&quot;:&quot;classic&quot;}\">\n\t\t\t\t\t\t<div class=\"elementor-container elementor-column-gap-no\">\n\t\t\t\t\t<div class=\"elementor-column elementor-col-100 elementor-top-column elementor-element elementor-element-54766a12 dark-color\" data-id=\"54766a12\" data-element_type=\"column\">\n\t\t\t<div class=\"elementor-widget-wrap elementor-element-populated\">\n\t\t\t\t\t\t<div class=\"elementor-element elementor-element-81d9760 elementor-widget elementor-widget-image\" data-id=\"81d9760\" data-element_type=\"widget\" data-widget_type=\"image.default\">\n\t\t\t\t<div class=\"elementor-widget-container\">\n\t\t\t\t\t\t\t\t\t\t\t\t\t\t\t<img fetchpriority=\"high\" decoding=\"async\" width=\"1280\" height=\"292\" src=\"https:\/\/xamor.eu\/wp-content\/uploads\/2022\/04\/cropped-logo-improv.png\" class=\"attachment-1536x1536 size-1536x1536 wp-image-6769\" alt=\"\" srcset=\"https:\/\/xamor.eu\/wp-content\/uploads\/2022\/04\/cropped-logo-improv.png 1280w, https:\/\/xamor.eu\/wp-content\/uploads\/2022\/04\/cropped-logo-improv-300x68.png 300w, https:\/\/xamor.eu\/wp-content\/uploads\/2022\/04\/cropped-logo-improv-1024x234.png 1024w, https:\/\/xamor.eu\/wp-content\/uploads\/2022\/04\/cropped-logo-improv-768x175.png 768w, https:\/\/xamor.eu\/wp-content\/uploads\/2022\/04\/cropped-logo-improv-18x4.png 18w, https:\/\/xamor.eu\/wp-content\/uploads\/2022\/04\/cropped-logo-improv-1200x274.png 1200w, https:\/\/xamor.eu\/wp-content\/uploads\/2022\/04\/cropped-logo-improv-780x178.png 780w, https:\/\/xamor.eu\/wp-content\/uploads\/2022\/04\/cropped-logo-improv-600x137.png 600w, https:\/\/xamor.eu\/wp-content\/uploads\/2022\/04\/cropped-logo-improv-550x125.png 550w, https:\/\/xamor.eu\/wp-content\/uploads\/2022\/04\/cropped-logo-improv-370x84.png 370w, https:\/\/xamor.eu\/wp-content\/uploads\/2022\/04\/cropped-logo-improv-255x58.png 255w, https:\/\/xamor.eu\/wp-content\/uploads\/2022\/04\/cropped-logo-improv-150x34.png 150w\" sizes=\"(max-width: 1280px) 100vw, 1280px\" \/>\t\t\t\t\t\t\t\t\t\t\t\t\t\t\t<\/div>\n\t\t\t\t<\/div>\n\t\t\t\t<div class=\"elementor-element elementor-element-c137cea elementor-widget elementor-widget-pt_title\" data-id=\"c137cea\" data-element_type=\"widget\" data-widget_type=\"pt_title.default\">\n\t\t\t\t<div class=\"elementor-widget-container\">\n\t\t\t\t\t\n        <div class=\"pt-title-wrap text-center\">\t            <h3 class=\"pt-title\">\n\t                Werden Sie Teil unseres Teams!\t            <\/h3>        <\/div>\t\t\t\t<\/div>\n\t\t\t\t<\/div>\n\t\t\t\t<div class=\"elementor-element elementor-element-15d48acb elementor-widget elementor-widget-pt_title\" data-id=\"15d48acb\" data-element_type=\"widget\" data-widget_type=\"pt_title.default\">\n\t\t\t\t<div class=\"elementor-widget-container\">\n\t\t\t\t\t\n        <div class=\"pt-title-wrap text-center\">\t            <div class=\"pt-title-text\">\n\t                <p>In unserem Restaurant glauben wir, dass Erfolg mit einem engagierten und talentierten Team beginnt. Wir suchen Menschen, die enthusiastisch, kreativ und leidenschaftlich f\u00fcr die Kunst des guten Service sind. Wenn Sie Teil eines dynamischen Umfelds sein und dazu beitragen m\u00f6chten, unseren Kunden unvergessliche Erlebnisse zu bieten, senden Sie uns Ihre Bewerbung.<\/p>\t            <\/div>        <\/div>\t\t\t\t<\/div>\n\t\t\t\t<\/div>\n\t\t\t\t\t<\/div>\n\t\t<\/div>\n\t\t\t\t\t<\/div>\n\t\t<\/section>\n\t\t\t\t<section class=\"elementor-section elementor-top-section elementor-element elementor-element-56d15cb7 elementor-section-boxed elementor-section-height-default elementor-section-height-default\" data-id=\"56d15cb7\" data-element_type=\"section\" data-settings=\"{&quot;background_background&quot;:&quot;classic&quot;}\">\n\t\t\t\t\t\t<div class=\"elementor-container elementor-column-gap-no\">\n\t\t\t\t\t<div class=\"elementor-column elementor-col-50 elementor-top-column elementor-element elementor-element-6a9b2da\" data-id=\"6a9b2da\" data-element_type=\"column\">\n\t\t\t<div class=\"elementor-widget-wrap elementor-element-populated\">\n\t\t\t\t\t\t<div class=\"elementor-element elementor-element-0f5333e elementor-widget elementor-widget-image\" data-id=\"0f5333e\" data-element_type=\"widget\" data-widget_type=\"image.default\">\n\t\t\t\t<div class=\"elementor-widget-container\">\n\t\t\t\t\t\t\t\t\t\t\t\t\t\t\t<img decoding=\"async\" width=\"2560\" height=\"2404\" src=\"https:\/\/xamor.eu\/wp-content\/uploads\/2025\/01\/PKRT3532-scaled.jpg\" class=\"attachment-full size-full wp-image-7515\" alt=\"\" srcset=\"https:\/\/xamor.eu\/wp-content\/uploads\/2025\/01\/PKRT3532-scaled.jpg 2560w, https:\/\/xamor.eu\/wp-content\/uploads\/2025\/01\/PKRT3532-300x282.jpg 300w, https:\/\/xamor.eu\/wp-content\/uploads\/2025\/01\/PKRT3532-1024x962.jpg 1024w, https:\/\/xamor.eu\/wp-content\/uploads\/2025\/01\/PKRT3532-768x721.jpg 768w, https:\/\/xamor.eu\/wp-content\/uploads\/2025\/01\/PKRT3532-1536x1443.jpg 1536w, https:\/\/xamor.eu\/wp-content\/uploads\/2025\/01\/PKRT3532-2048x1924.jpg 2048w, https:\/\/xamor.eu\/wp-content\/uploads\/2025\/01\/PKRT3532-13x12.jpg 13w, https:\/\/xamor.eu\/wp-content\/uploads\/2025\/01\/PKRT3532-1920x1803.jpg 1920w, https:\/\/xamor.eu\/wp-content\/uploads\/2025\/01\/PKRT3532-1440x1353.jpg 1440w, https:\/\/xamor.eu\/wp-content\/uploads\/2025\/01\/PKRT3532-1200x1127.jpg 1200w, https:\/\/xamor.eu\/wp-content\/uploads\/2025\/01\/PKRT3532-780x733.jpg 780w, https:\/\/xamor.eu\/wp-content\/uploads\/2025\/01\/PKRT3532-600x564.jpg 600w, https:\/\/xamor.eu\/wp-content\/uploads\/2025\/01\/PKRT3532-550x517.jpg 550w, https:\/\/xamor.eu\/wp-content\/uploads\/2025\/01\/PKRT3532-370x348.jpg 370w, https:\/\/xamor.eu\/wp-content\/uploads\/2025\/01\/PKRT3532-255x240.jpg 255w, https:\/\/xamor.eu\/wp-content\/uploads\/2025\/01\/PKRT3532-150x141.jpg 150w\" sizes=\"(max-width: 2560px) 100vw, 2560px\" \/>\t\t\t\t\t\t\t\t\t\t\t\t\t\t\t<\/div>\n\t\t\t\t<\/div>\n\t\t\t\t\t<\/div>\n\t\t<\/div>\n\t\t\t\t<div class=\"elementor-column elementor-col-50 elementor-top-column elementor-element elementor-element-faf1470\" data-id=\"faf1470\" data-element_type=\"column\">\n\t\t\t<div class=\"elementor-widget-wrap elementor-element-populated\">\n\t\t\t\t\t\t<div class=\"elementor-element elementor-element-19cd03f4 elementor-widget elementor-widget-pt_form_cf7\" data-id=\"19cd03f4\" data-element_type=\"widget\" data-widget_type=\"pt_form_cf7.default\">\n\t\t\t\t<div class=\"elementor-widget-container\">\n\t\t\t\t\t            <div class=\"pt-form-cf7 placeholder-normal\">\n                <div class=\"pt-form-cf7-wrap\">\n<div class=\"wpcf7 no-js\" id=\"wpcf7-f7245-o1\" lang=\"en-US\" dir=\"ltr\" data-wpcf7-id=\"7245\">\n<div class=\"screen-reader-response\"><p role=\"status\" aria-live=\"polite\" aria-atomic=\"true\"><\/p> <ul><\/ul><\/div>\n<form action=\"\/de\/wp-json\/wp\/v2\/pages\/7213#wpcf7-f7245-o1\" method=\"post\" class=\"wpcf7-form init\" aria-label=\"Contact form\" enctype=\"multipart\/form-data\" novalidate=\"novalidate\" data-status=\"init\" data-trp-original-action=\"\/de\/wp-json\/wp\/v2\/pages\/7213#wpcf7-f7245-o1\">\n<fieldset class=\"hidden-fields-container\"><input type=\"hidden\" name=\"_wpcf7\" value=\"7245\" \/><input type=\"hidden\" name=\"_wpcf7_version\" value=\"6.1.3\" \/><input type=\"hidden\" name=\"_wpcf7_locale\" value=\"en_US\" \/><input type=\"hidden\" name=\"_wpcf7_unit_tag\" value=\"wpcf7-f7245-o1\" \/><input type=\"hidden\" name=\"_wpcf7_container_post\" value=\"0\" \/><input type=\"hidden\" name=\"_wpcf7_posted_data_hash\" value=\"\" \/><input type=\"hidden\" name=\"_uacf7_hidden_conditional_fields\" value=\"\" \/><input type=\"hidden\" name=\"_wpcf7_recaptcha_response\" value=\"\" \/>\n<\/fieldset>\n<div class=\"uacf7-form-wrapper-container uacf7-form-7245\"><div class=\"row\">\n    <div class=\"col-1-2\">\n        <label> Name\n            <span class=\"wpcf7-form-control-wrap\" data-name=\"your-name\"><input size=\"40\" maxlength=\"400\" class=\"wpcf7-form-control wpcf7-text wpcf7-validates-as-required\" aria-required=\"true\" aria-invalid=\"false\" value=\"\" type=\"text\" name=\"your-name\" \/><\/span> <\/label>\n    <\/div>\n\n    <div class=\"col-1-2\">\n        <label> E-Mail\n            <span class=\"wpcf7-form-control-wrap\" data-name=\"your-email\"><input size=\"40\" maxlength=\"400\" class=\"wpcf7-form-control wpcf7-email wpcf7-validates-as-required wpcf7-text wpcf7-validates-as-email\" aria-required=\"true\" aria-invalid=\"false\" value=\"\" type=\"email\" name=\"your-email\" \/><\/span> <\/label>\n    <\/div>\n<\/div>\n\n\n<div class=\"row\">\n<div class=\"col-1-2\">\n<label> Funktion\n    <span class=\"wpcf7-form-control-wrap\" data-name=\"select-858\"><select class=\"wpcf7-form-control wpcf7-select\" aria-invalid=\"false\" name=\"select-858\"><option value=\"\"><\/option><option value=\"Cozinha\">K\u00fcche<\/option><option value=\"Mesas\">Tische<\/option><option value=\"Bar\">Bar<\/option><\/select><\/span> <\/label>\n <\/div>\n\n<div class=\"col-1-2\">\n<label>Telefon\n<span class=\"wpcf7-form-control-wrap intl_tel-349\"><input class=\"wpcf7-form-control wpcf7-intl_tel wpcf7-intl-tel\" aria-invalid=\"false\" data-preferredcountries=\"pt\" value=\"\" type=\"tel\" name=\"intl_tel-349-cf7it-national\" \/><input name=\"intl_tel-349\" type=\"hidden\" class=\"wpcf7-intl-tel-full\" \/><input type=\"hidden\" name=\"intl_tel-349-cf7it-country-name\" class=\"wpcf7-intl-tel-country-name\" \/><input type=\"hidden\" name=\"intl_tel-349-cf7it-country-code\" class=\"wpcf7-intl-tel-country-code\" \/><input type=\"hidden\" name=\"intl_tel-349-cf7it-country-iso2\" class=\"wpcf7-intl-tel-country-iso2\" \/><\/span>\n<\/label>\n<\/div>\n<\/div>\n\n\n<label> Nachricht\n    <span class=\"wpcf7-form-control-wrap\" data-name=\"your-message\"><textarea cols=\"40\" rows=\"10\" maxlength=\"2000\" class=\"wpcf7-form-control wpcf7-textarea\" aria-invalid=\"false\" name=\"your-message\"><\/textarea><\/span> <\/label>\n\n<br>\n\n<div class=\"col-1-2\">\n<label>\n<span class=\"wpcf7-form-control-wrap\" data-name=\"file-554\"><input size=\"40\" class=\"wpcf7-form-control wpcf7-file\" accept=\"audio\/*,video\/*,image\/*\" aria-invalid=\"false\" type=\"file\" name=\"file-554\" \/><\/span>\n<\/label>\n<\/div>\n\n<br>\n<input class=\"wpcf7-form-control wpcf7-submit has-spinner\" type=\"submit\" value=\"Senden Sie\" \/><\/div><div class=\"wpcf7-response-output\" aria-hidden=\"true\"><\/div>\n<input type=\"hidden\" name=\"trp-form-language\" value=\"de\"\/><\/form>\n<\/div>\n<\/div>\n            <\/div>\t\t\t\t<\/div>\n\t\t\t\t<\/div>\n\t\t\t\t\t<\/div>\n\t\t<\/div>\n\t\t\t\t\t<\/div>\n\t\t<\/section>\n\t\t\t\t<\/div>","protected":false},"excerpt":{"rendered":"<p>Junte-se \u00e0 Nossa Equipa! No nosso restaurante, acreditamos que o sucesso come\u00e7a com uma equipa dedicada e talentosa. Estamos \u00e0 procura de pessoas entusiastas, criativas e apaixonadas pela arte de bem servir. Se deseja fazer parte de um ambiente din\u00e2mico e contribuir para proporcionar experi\u00eancias memor\u00e1veis aos nossos clientes, envie-nos a sua candidatura. Nome Email &#8230;<\/p>","protected":false},"author":1,"featured_media":7429,"parent":0,"menu_order":0,"comment_status":"closed","ping_status":"closed","template":"template-wide-content.php","meta":{"_themeisle_gutenberg_block_has_review":false,"patiotime_single_page_hide_site_header":"","patiotime_single_page_site_header_source":"","patiotime_single_page_custom_site_header":"0","patiotime_single_page_custom_sticky_site_header":"0","patiotime_single_page_custom_page_title_margin_top_source":"","patiotime_single_page_custom_page_title_desktop_margin_top":"","patiotime_single_page_custom_page_title_tablet_margin_top":"","patiotime_single_page_custom_page_title_mobile_margin_top":"","patiotime_single_page_hide_page_title":"","patiotime_single_page_header_section_size":"","patiotime_single_page_header_background_color":"","patiotime_single_page_header_background_position_x":"center","patiotime_single_page_header_background_position_y":"center","patiotime_single_page_header_background_size":"cover","patiotime_single_page_header_background_repeat":"off","patiotime_single_page_header_background_scroll":"on","patiotime_single_page_header_text_color":"","patiotime_single_page_header_show_breadcrumb":"","patiotime_single_page_site_footer_hide_main":"","patiotime_single_custom_site_footer_main_source":"","patiotime_single_custom_site_footer_main":"0","patiotime_single_page_site_footer_hide_above":"","patiotime_single_custom_site_footer_above_source":"","patiotime_single_custom_site_footer_above":"0","patiotime_single_page_site_footer_hide_instagram":"","patiotime_single_page_site_footer_hide_bottom":"","patiotime_single_custom_mobile_menu_source":"","patiotime_single_custom_mobile_menu":"0","patiotime_single_custom_mobile_menu_animation":"","patiotime_single_custom_mobile_menu_width":"","patiotime_single_custom_mobile_menu_custom_width":375,"footnotes":""},"class_list":["post-7213","page","type-page","status-publish","has-post-thumbnail","hentry"],"yoast_head":"<!-- This site is optimized with the Yoast SEO plugin v26.4 - https:\/\/yoast.com\/wordpress\/plugins\/seo\/ -->\n<title>Recrutamento - Xamor<\/title>\n<meta name=\"description\" content=\"Junte-se \u00e0 Nossa Equipa! - No nosso restaurante, acreditamos que o sucesso come\u00e7a com uma equipa dedicada e talentosa. Estamos \u00e0 procura de pessoas entusiastas, criativas e apaixonadas pela arte de bem servir. Se deseja fazer parte de um ambiente din\u00e2mico e contribuir para proporcionar experi\u00eancias memor\u00e1veis aos nossos clientes, envie-nos a sua candidatura.\" \/>\n<meta name=\"robots\" content=\"index, follow, max-snippet:-1, max-image-preview:large, max-video-preview:-1\" \/>\n<link rel=\"canonical\" href=\"https:\/\/xamor.eu\/de\/recrutamento\/\" \/>\n<meta property=\"og:locale\" content=\"de_DE\" \/>\n<meta property=\"og:type\" content=\"article\" \/>\n<meta property=\"og:title\" content=\"Recrutamento - Xamor\" \/>\n<meta property=\"og:description\" content=\"Junte-se \u00e0 Nossa Equipa! - No nosso restaurante, acreditamos que o sucesso come\u00e7a com uma equipa dedicada e talentosa. Estamos \u00e0 procura de pessoas entusiastas, criativas e apaixonadas pela arte de bem servir. Se deseja fazer parte de um ambiente din\u00e2mico e contribuir para proporcionar experi\u00eancias memor\u00e1veis aos nossos clientes, envie-nos a sua candidatura.\" \/>\n<meta property=\"og:url\" content=\"https:\/\/xamor.eu\/de\/recrutamento\/\" \/>\n<meta property=\"og:site_name\" content=\"Xamor\" \/>\n<meta property=\"article:modified_time\" content=\"2025-01-21T16:07:01+00:00\" \/>\n<meta property=\"og:image\" content=\"https:\/\/xamor.eu\/wp-content\/uploads\/2025\/01\/Still-2025-01-20-195214_2.1.1-scaled.jpg\" \/>\n\t<meta property=\"og:image:width\" content=\"2560\" \/>\n\t<meta property=\"og:image:height\" content=\"1349\" \/>\n\t<meta property=\"og:image:type\" content=\"image\/jpeg\" \/>\n<meta name=\"twitter:card\" content=\"summary_large_image\" \/>\n<meta name=\"twitter:label1\" content=\"Gesch\u00e4tzte Lesezeit\" \/>\n\t<meta name=\"twitter:data1\" content=\"1\u00a0Minute\" \/>\n<script type=\"application\/ld+json\" class=\"yoast-schema-graph\">{\"@context\":\"https:\/\/schema.org\",\"@graph\":[{\"@type\":\"WebPage\",\"@id\":\"https:\/\/xamor.eu\/recrutamento\/\",\"url\":\"https:\/\/xamor.eu\/recrutamento\/\",\"name\":\"Recrutamento - Xamor\",\"isPartOf\":{\"@id\":\"https:\/\/xamor.eu\/#website\"},\"primaryImageOfPage\":{\"@id\":\"https:\/\/xamor.eu\/recrutamento\/#primaryimage\"},\"image\":{\"@id\":\"https:\/\/xamor.eu\/recrutamento\/#primaryimage\"},\"thumbnailUrl\":\"https:\/\/xamor.eu\/wp-content\/uploads\/2025\/01\/Still-2025-01-20-195214_2.1.1-scaled.jpg\",\"datePublished\":\"2025-01-09T16:27:09+00:00\",\"dateModified\":\"2025-01-21T16:07:01+00:00\",\"description\":\"Junte-se \u00e0 Nossa Equipa! - No nosso restaurante, acreditamos que o sucesso come\u00e7a com uma equipa dedicada e talentosa. Estamos \u00e0 procura de pessoas entusiastas, criativas e apaixonadas pela arte de bem servir. Se deseja fazer parte de um ambiente din\u00e2mico e contribuir para proporcionar experi\u00eancias memor\u00e1veis aos nossos clientes, envie-nos a sua candidatura.\",\"breadcrumb\":{\"@id\":\"https:\/\/xamor.eu\/recrutamento\/#breadcrumb\"},\"inLanguage\":\"de\",\"potentialAction\":[{\"@type\":\"ReadAction\",\"target\":[\"https:\/\/xamor.eu\/recrutamento\/\"]}]},{\"@type\":\"ImageObject\",\"inLanguage\":\"de\",\"@id\":\"https:\/\/xamor.eu\/recrutamento\/#primaryimage\",\"url\":\"https:\/\/xamor.eu\/wp-content\/uploads\/2025\/01\/Still-2025-01-20-195214_2.1.1-scaled.jpg\",\"contentUrl\":\"https:\/\/xamor.eu\/wp-content\/uploads\/2025\/01\/Still-2025-01-20-195214_2.1.1-scaled.jpg\",\"width\":2560,\"height\":1349},{\"@type\":\"BreadcrumbList\",\"@id\":\"https:\/\/xamor.eu\/recrutamento\/#breadcrumb\",\"itemListElement\":[{\"@type\":\"ListItem\",\"position\":1,\"name\":\"In\u00edcio\",\"item\":\"https:\/\/xamor.eu\/\"},{\"@type\":\"ListItem\",\"position\":2,\"name\":\"Recrutamento\"}]},{\"@type\":\"WebSite\",\"@id\":\"https:\/\/xamor.eu\/#website\",\"url\":\"https:\/\/xamor.eu\/\",\"name\":\"Xamor\",\"description\":\"\",\"publisher\":{\"@id\":\"https:\/\/xamor.eu\/#organization\"},\"potentialAction\":[{\"@type\":\"SearchAction\",\"target\":{\"@type\":\"EntryPoint\",\"urlTemplate\":\"https:\/\/xamor.eu\/?s={search_term_string}\"},\"query-input\":{\"@type\":\"PropertyValueSpecification\",\"valueRequired\":true,\"valueName\":\"search_term_string\"}}],\"inLanguage\":\"de\"},{\"@type\":\"Organization\",\"@id\":\"https:\/\/xamor.eu\/#organization\",\"name\":\"Xamor\",\"url\":\"https:\/\/xamor.eu\/\",\"logo\":{\"@type\":\"ImageObject\",\"inLanguage\":\"de\",\"@id\":\"https:\/\/xamor.eu\/#\/schema\/logo\/image\/\",\"url\":\"https:\/\/xamor.eu\/wp-content\/uploads\/2024\/10\/xmr_Signet_20120608.jpg\",\"contentUrl\":\"https:\/\/xamor.eu\/wp-content\/uploads\/2024\/10\/xmr_Signet_20120608.jpg\",\"width\":238,\"height\":238,\"caption\":\"Xamor\"},\"image\":{\"@id\":\"https:\/\/xamor.eu\/#\/schema\/logo\/image\/\"}}]}<\/script>\n<!-- \/ Yoast SEO plugin. -->","yoast_head_json":{"title":"Recrutamento - Xamor","description":"Junte-se \u00e0 Nossa Equipa! - No nosso restaurante, acreditamos que o sucesso come\u00e7a com uma equipa dedicada e talentosa. Estamos \u00e0 procura de pessoas entusiastas, criativas e apaixonadas pela arte de bem servir. Se deseja fazer parte de um ambiente din\u00e2mico e contribuir para proporcionar experi\u00eancias memor\u00e1veis aos nossos clientes, envie-nos a sua candidatura.","robots":{"index":"index","follow":"follow","max-snippet":"max-snippet:-1","max-image-preview":"max-image-preview:large","max-video-preview":"max-video-preview:-1"},"canonical":"https:\/\/xamor.eu\/de\/recrutamento\/","og_locale":"de_DE","og_type":"article","og_title":"Recrutamento - Xamor","og_description":"Junte-se \u00e0 Nossa Equipa! - No nosso restaurante, acreditamos que o sucesso come\u00e7a com uma equipa dedicada e talentosa. Estamos \u00e0 procura de pessoas entusiastas, criativas e apaixonadas pela arte de bem servir. Se deseja fazer parte de um ambiente din\u00e2mico e contribuir para proporcionar experi\u00eancias memor\u00e1veis aos nossos clientes, envie-nos a sua candidatura.","og_url":"https:\/\/xamor.eu\/de\/recrutamento\/","og_site_name":"Xamor","article_modified_time":"2025-01-21T16:07:01+00:00","og_image":[{"width":2560,"height":1349,"url":"https:\/\/xamor.eu\/wp-content\/uploads\/2025\/01\/Still-2025-01-20-195214_2.1.1-scaled.jpg","type":"image\/jpeg"}],"twitter_card":"summary_large_image","twitter_misc":{"Gesch\u00e4tzte Lesezeit":"1\u00a0Minute"},"schema":{"@context":"https:\/\/schema.org","@graph":[{"@type":"WebPage","@id":"https:\/\/xamor.eu\/recrutamento\/","url":"https:\/\/xamor.eu\/recrutamento\/","name":"Recrutamento - Xamor","isPartOf":{"@id":"https:\/\/xamor.eu\/#website"},"primaryImageOfPage":{"@id":"https:\/\/xamor.eu\/recrutamento\/#primaryimage"},"image":{"@id":"https:\/\/xamor.eu\/recrutamento\/#primaryimage"},"thumbnailUrl":"https:\/\/xamor.eu\/wp-content\/uploads\/2025\/01\/Still-2025-01-20-195214_2.1.1-scaled.jpg","datePublished":"2025-01-09T16:27:09+00:00","dateModified":"2025-01-21T16:07:01+00:00","description":"Junte-se \u00e0 Nossa Equipa! - No nosso restaurante, acreditamos que o sucesso come\u00e7a com uma equipa dedicada e talentosa. Estamos \u00e0 procura de pessoas entusiastas, criativas e apaixonadas pela arte de bem servir. Se deseja fazer parte de um ambiente din\u00e2mico e contribuir para proporcionar experi\u00eancias memor\u00e1veis aos nossos clientes, envie-nos a sua candidatura.","breadcrumb":{"@id":"https:\/\/xamor.eu\/recrutamento\/#breadcrumb"},"inLanguage":"de","potentialAction":[{"@type":"ReadAction","target":["https:\/\/xamor.eu\/recrutamento\/"]}]},{"@type":"ImageObject","inLanguage":"de","@id":"https:\/\/xamor.eu\/recrutamento\/#primaryimage","url":"https:\/\/xamor.eu\/wp-content\/uploads\/2025\/01\/Still-2025-01-20-195214_2.1.1-scaled.jpg","contentUrl":"https:\/\/xamor.eu\/wp-content\/uploads\/2025\/01\/Still-2025-01-20-195214_2.1.1-scaled.jpg","width":2560,"height":1349},{"@type":"BreadcrumbList","@id":"https:\/\/xamor.eu\/recrutamento\/#breadcrumb","itemListElement":[{"@type":"ListItem","position":1,"name":"In\u00edcio","item":"https:\/\/xamor.eu\/"},{"@type":"ListItem","position":2,"name":"Recrutamento"}]},{"@type":"WebSite","@id":"https:\/\/xamor.eu\/#website","url":"https:\/\/xamor.eu\/","name":"Xamor","description":"","publisher":{"@id":"https:\/\/xamor.eu\/#organization"},"potentialAction":[{"@type":"SearchAction","target":{"@type":"EntryPoint","urlTemplate":"https:\/\/xamor.eu\/?s={search_term_string}"},"query-input":{"@type":"PropertyValueSpecification","valueRequired":true,"valueName":"search_term_string"}}],"inLanguage":"de"},{"@type":"Organization","@id":"https:\/\/xamor.eu\/#organization","name":"Xamor","url":"https:\/\/xamor.eu\/","logo":{"@type":"ImageObject","inLanguage":"de","@id":"https:\/\/xamor.eu\/#\/schema\/logo\/image\/","url":"https:\/\/xamor.eu\/wp-content\/uploads\/2024\/10\/xmr_Signet_20120608.jpg","contentUrl":"https:\/\/xamor.eu\/wp-content\/uploads\/2024\/10\/xmr_Signet_20120608.jpg","width":238,"height":238,"caption":"Xamor"},"image":{"@id":"https:\/\/xamor.eu\/#\/schema\/logo\/image\/"}}]}},"_links":{"self":[{"href":"https:\/\/xamor.eu\/de\/wp-json\/wp\/v2\/pages\/7213","targetHints":{"allow":["GET"]}}],"collection":[{"href":"https:\/\/xamor.eu\/de\/wp-json\/wp\/v2\/pages"}],"about":[{"href":"https:\/\/xamor.eu\/de\/wp-json\/wp\/v2\/types\/page"}],"author":[{"embeddable":true,"href":"https:\/\/xamor.eu\/de\/wp-json\/wp\/v2\/users\/1"}],"replies":[{"embeddable":true,"href":"https:\/\/xamor.eu\/de\/wp-json\/wp\/v2\/comments?post=7213"}],"version-history":[{"count":20,"href":"https:\/\/xamor.eu\/de\/wp-json\/wp\/v2\/pages\/7213\/revisions"}],"predecessor-version":[{"id":7533,"href":"https:\/\/xamor.eu\/de\/wp-json\/wp\/v2\/pages\/7213\/revisions\/7533"}],"wp:featuredmedia":[{"embeddable":true,"href":"https:\/\/xamor.eu\/de\/wp-json\/wp\/v2\/media\/7429"}],"wp:attachment":[{"href":"https:\/\/xamor.eu\/de\/wp-json\/wp\/v2\/media?parent=7213"}],"curies":[{"name":"wp","href":"https:\/\/api.w.org\/{rel}","templated":true}]}}